{"id":401,"date":"2025-03-23T12:11:14","date_gmt":"2025-03-23T12:11:14","guid":{"rendered":"https:\/\/transcendingsight.kaljonen.com\/?page_id=401"},"modified":"2025-03-23T12:11:14","modified_gmt":"2025-03-23T12:11:14","slug":"info","status":"publish","type":"page","link":"https:\/\/transcendingsight.kaljonen.com\/?page_id=401&lang=fi","title":{"rendered":"Info"},"content":{"rendered":"<div class=\"bm-builder clearfix \"><div id=\"\" class=\"module col-12 module-id-1742731853151 bm-wrap row-top row-left bm-wrap-height-auto\" data-module-col=\"12\" data-change-color=\"off\" data-backcolor=\"transparent\" data-frontcolor=\"\" data-logocolor=\"\" data-goto-top=\"off\" data-goto-top-spacing=\"0\" data-goto-disable-m=\"\" data-groupsameheight=\"off\"><div class=\"module-inside group-inside\" style=\"--top-mod: 80px;--bottom-mod: 60px;--top-mod-t: 80px;--bottom-mod-t: 60px;--top-mod-m:40px;--bottom-mod-m:30px;\" ><div id=\"\" class=\"module col-6 module-id-1742731853352\" data-module-col=\"6\"><div class=\"module-inside text-inside\" style=\"--top-mod: -10px;--bottom-mod: 0px;--top-mod-t: -10px;--bottom-mod-t: 0px;--top-mod-m:0px;--bottom-mod-m:20px;\" ><div class=\"text_block_out\"  data-effect=\"standard\" style=\"\"><div class=\"text_block ux-mod-nobg\"><div class=\"text_block_inn\"><div id=\"text-1742731853352\" class=\"text_block_centered text_block_centered_enable_width\"  style=\"\"><h1><span class=\"sea-font-m-34px\" style=\"font-size: 3.4vw;\">Info<\/span><\/h1><\/div><\/div><\/div><\/div><\/div><\/div><div id=\"\" class=\"module col-6 module-id-1742731853701\" data-module-col=\"6\"><div class=\"module-inside text-inside\" style=\"--top-mod: 0px;--bottom-mod: 0px;--top-mod-t: 0px;--bottom-mod-t: 0px;--top-mod-m:0px;--bottom-mod-m:0px;\" ><div class=\"text_block_out\"  data-effect=\"standard\" style=\"\"><div class=\"text_block ux-mod-nobg\"><div class=\"text_block_inn\"><div id=\"text-1742731853701\" class=\"text_block_centered text_block_centered_enable_width\"  style=\"\"><p style=\"font-weight: 400;\">Transcending Sight on taidehanke, jossa edistet\u00e4\u00e4n n\u00e4k\u00f6vammaisten l\u00e4ht\u00f6kohdista ja ehdoilla tehty\u00e4 kuvataiteellista toimintaa.&nbsp;<\/p><\/div><\/div><\/div><\/div><\/div><\/div><\/div><\/div><div id=\"\" class=\"module col-12 module-id-1742731853968\" data-module-col=\"12\"><div class=\"module-inside text-inside module-line module-bottom-line\" style=\"--line-border: 1px; --line-color: #eeeeee; --line-spacing: 0px; --line-spacing-m: 0px; --top-mod: 0px;--bottom-mod: 0px;--top-mod-t: 0px;--bottom-mod-t: 0px;--top-mod-m:0px;--bottom-mod-m:0px;\" ><div class=\"text_block_out\"  data-effect=\"standard\" style=\"\"><div class=\"text_block ux-mod-nobg\"><div class=\"text_block_inn\"><div id=\"text-1742731853968\" class=\"text_block_centered text_block_centered_enable_width\"  style=\"\"><\/div><\/div><\/div><\/div><\/div><\/div><div id=\"\" class=\"module col-12 module-id-1742731854100 bm-wrap row-top row-right bm-wrap-height-auto\" data-module-col=\"12\" data-change-color=\"off\" data-backcolor=\"transparent\" data-frontcolor=\"\" data-logocolor=\"\" data-goto-top=\"off\" data-goto-top-spacing=\"0\" data-goto-disable-m=\"\" data-groupsameheight=\"off\"><div class=\"module-inside group-inside\" style=\"--top-mod: 50px;--bottom-mod: 0px;--top-mod-t: 50px;--bottom-mod-t: 0px;--top-mod-m:30px;--bottom-mod-m:0px;\" ><div id=\"\" class=\"module col-6 module-id-1742731854268 col-offset-1\" data-module-col=\"6\"><div class=\"module-inside text-inside\" style=\"--top-mod: 0px;--bottom-mod: 20px;--top-mod-t: 0px;--bottom-mod-t: 20px;--top-mod-m:0px;--bottom-mod-m:10px;\" ><div class=\"text_block_out\"  data-effect=\"standard\" style=\"\"><div class=\"text_block ux-mod-nobg\"><div class=\"text_block_inn\"><div id=\"text-1742731854268\" class=\"text_block_centered text_block_centered_enable_width\"  style=\"\"><h4>Projektista<\/h4><\/div><\/div><\/div><\/div><\/div><\/div><div id=\"\" class=\"module col-6 module-id-1742731854692 col-offset-1\" data-module-col=\"6\"><div class=\"module-inside text-inside\" style=\"--top-mod: 0px;--bottom-mod: 30px;--top-mod-t: 0px;--bottom-mod-t: 30px;--top-mod-m:0px;--bottom-mod-m:20px;\" ><div class=\"text_block_out\"  data-effect=\"standard\" style=\"\"><div class=\"text_block ux-mod-nobg\"><div class=\"text_block_inn\"><div id=\"text-1742731854692\" class=\"text_block_centered text_block_centered_enable_width\"  style=\"\"><p>Projekti rakentuu ty\u00f6pajoista, joissa kuvataiteen kokemista ja tekemist\u00e4 l\u00e4hestyt\u00e4\u00e4n yhteis\u00f6llisesti muiden n\u00e4k\u00f6vammaisten kanssa. Pajoissa tutustutaan muun muassa \u00e4\u00e4nitaiteeseen, julkiseen taiteeseen sek\u00e4 taiteelliseen aktivismiin kuuntelusessioiden, n\u00e4yttely- ja kaupunkitaidevierailujen, taiteilijatapaamisten, luentojen- sek\u00e4 ryhm\u00e4keskusteluiden kautta.<\/p>\n<p>&nbsp;<\/p>\n<p>Edellisten pohjalta ty\u00f6pajoissa ideoidaan, kokeillaan ja toteutetaan n\u00e4k\u00f6vammaisten ehdoilla ja n\u00e4k\u00f6kulmista k\u00e4sin tehtyj\u00e4 taideteoksia, joita tuodaan my\u00f6s laajempien yleis\u00f6jen saavutettavaksi taiden\u00e4yttelyiden, julkiseen tilaan tehtyjen interventioiden sek\u00e4 -taideteosten v\u00e4lityksell\u00e4.<\/p>\n<p>&nbsp;<\/p>\n<p>Projektin ty\u00f6pajat ohjaa kuvataiteilija <a href=\"https:\/\/web.archive.org\/web\/20241106151237\/https:\/\/kaljonen.com\/wordpress\/\">JP Kaljonen<\/a> (KuM), joka on itse n\u00e4k\u00f6vammainen. Osin heikkon\u00e4k\u00f6isyytens\u00e4 johdosta h\u00e4nen taiteellinen tuotantonsa on painottunut eri yhteis\u00f6taide- ja julkisen tilan projekteihin, joissa visuaalisuuden sijasta keski\u00f6ss\u00e4 ovat yhteisty\u00f6 ja eri yhteis\u00f6jen p\u00e4\u00e4m\u00e4\u00e4rien edist\u00e4minen taiteen avulla.&nbsp;<\/p>\n<p>&nbsp;<\/p>\n<p>&nbsp;<\/p><\/div><\/div><\/div><\/div><\/div><\/div><div id=\"\" class=\"module col-6 module-id-174273185564 col-offset-1\" data-module-col=\"6\"><div class=\"module-inside text-inside\" style=\"--top-mod: 0px;--bottom-mod: 20px;--top-mod-t: 0px;--bottom-mod-t: 20px;--top-mod-m:0px;--bottom-mod-m:10px;\" ><div class=\"text_block_out\"  data-effect=\"standard\" style=\"\"><div class=\"text_block ux-mod-nobg\"><div class=\"text_block_inn\"><div id=\"text-174273185564\" class=\"text_block_centered text_block_centered_enable_width\"  style=\"\"><h4>Yhteisty\u00f6tahot ja tukijat<\/h4><\/div><\/div><\/div><\/div><\/div><\/div><div id=\"\" class=\"module col-6 module-id-1742731855420 col-offset-1\" data-module-col=\"6\"><div class=\"module-inside text-inside\" style=\"--top-mod: 0px;--bottom-mod: 30px;--top-mod-t: 0px;--bottom-mod-t: 30px;--top-mod-m:0px;--bottom-mod-m:20px;\" ><div class=\"text_block_out\"  data-effect=\"standard\" style=\"\"><div class=\"text_block ux-mod-nobg\"><div class=\"text_block_inn\"><div id=\"text-1742731855420\" class=\"text_block_centered text_block_centered_enable_width\"  style=\"\"><div class=\"page\" title=\"Page 1\">\n<div class=\"layoutArea\">\n<div class=\"column\">\n<p style=\"font-weight: 400;\">Projektin ty\u00f6pajat j\u00e4rjestet\u00e4\u00e4n yhteisty\u00f6ss\u00e4 <a class=\"\" href=\"https:\/\/web.archive.org\/web\/20241106151237\/https:\/\/www.kulttuuripalvelu.fi\/fi\" target=\"_blank\" rel=\"noopener\">N\u00e4k\u00f6vammaisten kulttuuripalvelu ry<\/a>:n kanssa. Hankkeen tuotantoa on tukenut <a class=\"\" href=\"https:\/\/web.archive.org\/web\/20241106151237\/https:\/\/skr.fi\/\" target=\"_blank\" rel=\"noopener\">Suomen Kulttuurirahasto<\/a> \/ <a class=\"\" href=\"https:\/\/web.archive.org\/web\/20241106151237\/https:\/\/apurahat.skr.fi\/nimikkorahastot\/nimikkorahastoesite?numero=281300#:~:text=Rahasto%20tukee%20taidek%C3%A4sity%C3%B6n%20harjoittajia%20ja,nuorempi%20h%C3%A4nen%20lapsistaan%20syntyi%20n%C3%A4k%C3%B6vammaisena.\" target=\"_blank\" rel=\"noopener\">Aino Hausmannin rahasto<\/a>, <a class=\"\" href=\"https:\/\/web.archive.org\/web\/20241106151237\/https:\/\/www.oskaroflund.fi\/?lang=fi\" target=\"_blank\" rel=\"noopener\">Oskar \u00d6fflundin s\u00e4\u00e4ti\u00f6<\/a> ja <a class=\"\" href=\"https:\/\/web.archive.org\/web\/20241106151237\/https:\/\/www.hel.fi\/fi\" target=\"_blank\" rel=\"noopener\">Helsingin kaupunki<\/a>.<\/p>\n<p>&nbsp;<\/p>\n<p>&nbsp;<\/p>\n<\/div>\n<\/div>\n<\/div>\n<p>&nbsp;<\/p>\n<p><a class=\"\" href=\"https:\/\/skr.fi\/en\" target=\"_blank\" rel=\"noopener\"><img loading=\"lazy\" decoding=\"async\" class=\"img-in-text alignleft\" src=\"https:\/\/transcendingsight.kaljonen.com\/wp-content\/uploads\/2024\/02\/skr-englanti-vihrea-e1708874280324.jpeg\" alt=\"SKR_logo_englanti\" width=\"225\" height=\"81\"><\/a><\/p>\n<p>&nbsp;<\/p>\n<p>&nbsp;<\/p>\n<p>&nbsp;<\/p>\n<p>&nbsp;<\/p>\n<p>&nbsp;<\/p>\n<p>&nbsp;<\/p>\n<p>&nbsp;<\/p><\/div><\/div><\/div><\/div><\/div><\/div><\/div><\/div><\/div>","protected":false},"excerpt":{"rendered":"<p>InfoTranscending Sight on taidehanke, jossa edistet\u00e4\u00e4n n\u00e4k\u00f6vammaisten l\u00e4ht\u00f6kohdista ja ehdoilla &hellip;<\/p>\n","protected":false},"author":1,"featured_media":0,"parent":0,"menu_order":0,"comment_status":"closed","ping_status":"closed","template":"","meta":{"inline_featured_image":false,"footnotes":""},"class_list":["post-401","page","type-page","status-publish","hentry"],"_links":{"self":[{"href":"https:\/\/transcendingsight.kaljonen.com\/index.php?rest_route=\/wp\/v2\/pages\/401","targetHints":{"allow":["GET"]}}],"collection":[{"href":"https:\/\/transcendingsight.kaljonen.com\/index.php?rest_route=\/wp\/v2\/pages"}],"about":[{"href":"https:\/\/transcendingsight.kaljonen.com\/index.php?rest_route=\/wp\/v2\/types\/page"}],"author":[{"embeddable":true,"href":"https:\/\/transcendingsight.kaljonen.com\/index.php?rest_route=\/wp\/v2\/users\/1"}],"replies":[{"embeddable":true,"href":"https:\/\/transcendingsight.kaljonen.com\/index.php?rest_route=%2Fwp%2Fv2%2Fcomments&post=401"}],"version-history":[{"count":1,"href":"https:\/\/transcendingsight.kaljonen.com\/index.php?rest_route=\/wp\/v2\/pages\/401\/revisions"}],"predecessor-version":[{"id":411,"href":"https:\/\/transcendingsight.kaljonen.com\/index.php?rest_route=\/wp\/v2\/pages\/401\/revisions\/411"}],"wp:attachment":[{"href":"https:\/\/transcendingsight.kaljonen.com\/index.php?rest_route=%2Fwp%2Fv2%2Fmedia&parent=401"}],"curies":[{"name":"wp","href":"https:\/\/api.w.org\/{rel}","templated":true}]}}