{"id":517,"date":"2025-03-24T09:20:24","date_gmt":"2025-03-24T09:20:24","guid":{"rendered":"https:\/\/transcendingsight.kaljonen.com\/?page_id=517"},"modified":"2025-03-24T09:20:25","modified_gmt":"2025-03-24T09:20:25","slug":"projekti","status":"publish","type":"page","link":"https:\/\/transcendingsight.kaljonen.com\/?page_id=517&lang=fi","title":{"rendered":"Projekti"},"content":{"rendered":"<div class=\"bm-builder clearfix \"><div id=\"\" class=\"module col-0 module-id-174280799993 bm-wrap row-top row-left bm-wrap-height-auto\" data-module-col=\"0\" data-change-color=\"off\" data-backcolor=\"transparent\" data-frontcolor=\"\" data-logocolor=\"\" data-goto-top=\"off\" data-goto-top-spacing=\"0\" data-goto-disable-m=\"off\" data-groupsameheight=\"off\"><div class=\"module-inside group-inside\" style=\"--cornerRadius:0px 0px 0px 0px ; --top-mod: 0px;--bottom-mod: 0px;--top-mod-t: 0px;--bottom-mod-t: 0px;--top-mod-m:0px;--bottom-mod-m:0px;\" ><\/div><\/div><div id=\"\" class=\"module col-0 module-id-1742807999765 bm-wrap row-bottom row-left\" data-module-col=\"0\" data-change-color=\"off\" data-backcolor=\"transparent\" data-frontcolor=\"\" data-logocolor=\"\" data-goto-top=\"off\" data-goto-top-spacing=\"0\" data-goto-disable-m=\"off\" data-groupsameheight=\"off\"><div class=\"module-inside group-inside\" style=\"--cornerRadius:0px 0px 0px 0px ; --top-mod: 0px;--bottom-mod: 0px;--top-mod-t: 0px;--bottom-mod-t: 0px;--top-mod-m:0px;--bottom-mod-m:0px;\" ><div class=\"bm-background-img\" style=\"background-image:url(https:\/\/transcendingsight.kaljonen.com\/wp-content\/uploads\/2024\/04\/AA.jpg);background-attachment:fixed;background-position: 50% 0;--maskOpacity:0.00000001;--maskColor:#000000;\"><\/div><div id=\"\" class=\"module col-12 module-id-1742808000652 module-animation\" data-module-col=\"12\" data-animationduration=\"1\" data-animationease=\"power3.out\"><div class=\"module-inside button-inside\" style=\"--top-mod: 0px;--bottom-mod: 0px;--top-mod-t: 0px;--bottom-mod-t: 0px;--top-mod-m:0px;--bottom-mod-m:0px;\" ><div class=\"btn-mod-wrap btn-1742808000652 btn-right btn-right-m ux-horizontal ux-btn-wrap-regular\" style=\"\"><a class=\"ux-btn ux-btn-a-0 ux-cb-btn-1742808000652_0 fadeInM \" style=\"font-family: ux-font-1708358368402; --fontsizeBtn: 3vw;--fontsizeBtnT: 50px;--fontsizeBtnM: 25px;--lineHeightBtn: 1.5;--letterSpacingBtn: normal;\" href=\"https:\/\/transcendingsight.kaljonen.com\/?ux-portfolio=public-art-workshop\" target=\"_self\" rel=\" \" data-animation=\"zoomin\"><span class=\"ux-btn-text-wrap\"><span class=\"ux-btn-text\">Julkisen taiteen ty\u00f6paja<\/span><\/span><\/a><\/div><\/div><\/div><div id=\"\" class=\"module col-12 module-id-174280800152 module-animation\" data-module-col=\"12\" data-animationstart=\"90%\"><div class=\"module-inside text-inside\" style=\"--top-mod: 0px;--bottom-mod: 60px;--top-mod-t: 0px;--bottom-mod-t: 60px;--top-mod-m:0px;--bottom-mod-m:20px;\" ><div class=\"text_block_out\" data-animation=\"fadein\" data-effect=\"standard\" style=\"\"><div class=\"text_block ux-mod-nobg\"><div class=\"text_block_inn\"><div id=\"text-174280800152\" class=\"text_block_centered text_block_centered_enable_width\"  style=\"\"><\/div><\/div><\/div><\/div><\/div><\/div><\/div><\/div><div id=\"\" class=\"module col-0 module-id-1742808001598 bm-wrap row-bottom row-left\" data-module-col=\"0\" data-change-color=\"off\" data-backcolor=\"transparent\" data-frontcolor=\"\" data-logocolor=\"\" data-goto-top=\"off\" data-goto-top-spacing=\"0\" data-goto-disable-m=\"off\" data-groupsameheight=\"off\"><div class=\"module-inside group-inside\" style=\"--cornerRadius:0px 0px 0px 0px ; --top-mod: 0px;--bottom-mod: 0px;--top-mod-t: 0px;--bottom-mod-t: 0px;--top-mod-m:0px;--bottom-mod-m:0px;\" ><div class=\"bm-background-img\" style=\"background-image:url(https:\/\/transcendingsight.kaljonen.com\/wp-content\/uploads\/2024\/04\/K.jpg);background-attachment:fixed;background-position: 50% 0;--maskOpacity:0.1;--maskColor:#ffffff;\"><\/div><div id=\"\" class=\"module col-12 module-id-1742808002868 module-animation\" data-module-col=\"12\" data-animationduration=\"1\" data-animationease=\"power3.out\"><div class=\"module-inside button-inside\" style=\"--top-mod: 0px;--bottom-mod: 0px;--top-mod-t: 0px;--bottom-mod-t: 0px;--top-mod-m:0px;--bottom-mod-m:0px;\" ><div class=\"btn-mod-wrap btn-1742808002868 btn-right btn-right-m ux-horizontal ux-btn-wrap-regular\" style=\"\"><a class=\"ux-btn ux-btn-a-0 ux-cb-btn-1742808002868_0 fadeInM \" style=\"font-family: ux-font-1708358368402; --fontsizeBtn: 3vw;--fontsizeBtnT: 50px;--fontsizeBtnM: 25px;--lineHeightBtn: 1.5;--letterSpacingBtn: normal;\" href=\"https:\/\/transcendingsight.kaljonen.com\/?ux-portfolio=sound-and-scent-workshop\" target=\"_self\" rel=\" \" data-animation=\"zoomin\"><span class=\"ux-btn-text-wrap\"><span class=\"ux-btn-text\">Moniaistisen taiteen ty\u00f6paja<\/span><\/span><\/a><\/div><\/div><\/div><div id=\"\" class=\"module col-12 module-id-1742808003317 module-animation\" data-module-col=\"12\" data-animationstart=\"90%\"><div class=\"module-inside text-inside\" style=\"--top-mod: 0px;--bottom-mod: 60px;--top-mod-t: 0px;--bottom-mod-t: 60px;--top-mod-m:0px;--bottom-mod-m:20px;\" ><div class=\"text_block_out\" data-animation=\"fadein\" data-effect=\"standard\" style=\"\"><div class=\"text_block ux-mod-nobg\"><div class=\"text_block_inn\"><div id=\"text-1742808003317\" class=\"text_block_centered text_block_centered_enable_width\"  style=\"\"><\/div><\/div><\/div><\/div><\/div><\/div><\/div><\/div><div id=\"\" class=\"module col-0 module-id-1742808004561 bm-wrap row-bottom row-left\" data-module-col=\"0\" data-change-color=\"off\" data-backcolor=\"transparent\" data-frontcolor=\"\" data-logocolor=\"\" data-goto-top=\"off\" data-goto-top-spacing=\"0\" data-goto-disable-m=\"off\" data-groupsameheight=\"off\"><div class=\"module-inside group-inside\" style=\"--cornerRadius:0px 0px 0px 0px ; --top-mod: 0px;--bottom-mod: 0px;--top-mod-t: 0px;--bottom-mod-t: 0px;--top-mod-m:0px;--bottom-mod-m:0px;\" ><div class=\"bm-background-img\" style=\"background-image:url(https:\/\/transcendingsight.kaljonen.com\/wp-content\/uploads\/2024\/04\/CCC2.jpg);background-attachment:fixed;background-position: 50% 0;--maskOpacity:0.00000001;--maskColor:#000000;\"><\/div><div id=\"\" class=\"module col-12 module-id-1742808005469 module-animation\" data-module-col=\"12\" data-animationduration=\"1\" data-animationease=\"power3.out\"><div class=\"module-inside button-inside\" style=\"--top-mod: 0px;--bottom-mod: 0px;--top-mod-t: 0px;--bottom-mod-t: 0px;--top-mod-m:0px;--bottom-mod-m:0px;\" ><div class=\"btn-mod-wrap btn-1742808005469 btn-right btn-right-m ux-horizontal ux-btn-wrap-regular\" style=\"\"><a class=\"ux-btn ux-btn-a-0 ux-cb-btn-1742808005469_0 fadeInM \" style=\"font-family: ux-font-1708358368402; --fontsizeBtn: 3vw;--fontsizeBtnT: 50px;--fontsizeBtnM: 25px;--lineHeightBtn: 1.5;--letterSpacingBtn: normal;\" href=\"https:\/\/transcendingsight.kaljonen.com\/?ux-portfolio=activist-art-workshop\" target=\"_self\" rel=\" \" data-animation=\"zoomin\"><span class=\"ux-btn-text-wrap\"><span class=\"ux-btn-text\">Taiteellisen aktivismin ty\u00f6paja<\/span><\/span><\/a><\/div><\/div><\/div><div id=\"\" class=\"module col-12 module-id-174280800633 module-animation\" data-module-col=\"12\" data-animationstart=\"90%\"><div class=\"module-inside text-inside\" style=\"--top-mod: 0px;--bottom-mod: 60px;--top-mod-t: 0px;--bottom-mod-t: 60px;--top-mod-m:0px;--bottom-mod-m:20px;\" ><div class=\"text_block_out\" data-animation=\"fadein\" data-effect=\"standard\" style=\"\"><div class=\"text_block ux-mod-nobg\"><div class=\"text_block_inn\"><div id=\"text-174280800633\" class=\"text_block_centered text_block_centered_enable_width\"  style=\"\"><\/div><\/div><\/div><\/div><\/div><\/div><\/div><\/div><div id=\"\" class=\"module col-0 module-id-1742808006979 bm-wrap row-middle row-left\" data-module-col=\"0\" data-change-color=\"off\" data-backcolor=\"transparent\" data-frontcolor=\"\" data-logocolor=\"\" data-goto-top=\"off\" data-goto-top-spacing=\"0\" data-goto-disable-m=\"off\" data-groupsameheight=\"off\"><div class=\"module-inside group-inside\" style=\"--cornerRadius:0px 0px 0px 0px ; --top-mod: 0px;--bottom-mod: 0px;--top-mod-t: 0px;--bottom-mod-t: 0px;--top-mod-m:0px;--bottom-mod-m:0px;\" ><div class=\"bm-background-color\" style=\"background-color:#e63e65;\"><\/div><div id=\"\" class=\"module col-9 module-id-1742808007876\" data-module-col=\"9\"><div class=\"module-inside text-inside\" style=\"--top-mod: 0px;--bottom-mod: 0px;--top-mod-t: 0px;--bottom-mod-t: 0px;--top-mod-m:0px;--bottom-mod-m:0px;\" ><div class=\"text_block_out\"  data-effect=\"standard\" style=\"\"><div class=\"text_block ux-mod-nobg\"><div class=\"text_block_inn\"><div id=\"text-1742808007876\" class=\"text_block_centered text_block_centered_enable_width\"  style=\"\"><h3><span style=\"color: #ffffff;\">Transcending Sight on taideprojekti, jossa edistet\u00e4\u00e4n n\u00e4k\u00f6vammaisten ehdoilla ja l\u00e4ht\u00f6kohdista tehty\u00e4 kuvataiteellista toimintaa ty\u00f6pajojen, n\u00e4yttelyiden, interventioiden ja julkisen tilaan tehtyjen taideteosten kautta.<\/span><\/h3><\/div><\/div><\/div><\/div><\/div><\/div><\/div><\/div><\/div>","protected":false},"excerpt":{"rendered":"<p>Julkisen taiteen ty\u00f6pajaMoniaistisen taiteen ty\u00f6pajaTaiteellisen aktivismin ty\u00f6pajaTranscending Sight on taideprojekti, &hellip;<\/p>\n","protected":false},"author":1,"featured_media":0,"parent":0,"menu_order":0,"comment_status":"closed","ping_status":"closed","template":"","meta":{"inline_featured_image":false,"footnotes":""},"class_list":["post-517","page","type-page","status-publish","hentry"],"_links":{"self":[{"href":"https:\/\/transcendingsight.kaljonen.com\/index.php?rest_route=\/wp\/v2\/pages\/517","targetHints":{"allow":["GET"]}}],"collection":[{"href":"https:\/\/transcendingsight.kaljonen.com\/index.php?rest_route=\/wp\/v2\/pages"}],"about":[{"href":"https:\/\/transcendingsight.kaljonen.com\/index.php?rest_route=\/wp\/v2\/types\/page"}],"author":[{"embeddable":true,"href":"https:\/\/transcendingsight.kaljonen.com\/index.php?rest_route=\/wp\/v2\/users\/1"}],"replies":[{"embeddable":true,"href":"https:\/\/transcendingsight.kaljonen.com\/index.php?rest_route=%2Fwp%2Fv2%2Fcomments&post=517"}],"version-history":[{"count":1,"href":"https:\/\/transcendingsight.kaljonen.com\/index.php?rest_route=\/wp\/v2\/pages\/517\/revisions"}],"predecessor-version":[{"id":533,"href":"https:\/\/transcendingsight.kaljonen.com\/index.php?rest_route=\/wp\/v2\/pages\/517\/revisions\/533"}],"wp:attachment":[{"href":"https:\/\/transcendingsight.kaljonen.com\/index.php?rest_route=%2Fwp%2Fv2%2Fmedia&parent=517"}],"curies":[{"name":"wp","href":"https:\/\/api.w.org\/{rel}","templated":true}]}}